{"id":15332,"date":"2024-08-01T11:30:41","date_gmt":"2024-08-01T11:30:41","guid":{"rendered":"https:\/\/s-rooms.devconnect.at\/?post_type=product&#038;p=15332"},"modified":"2026-04-03T16:39:19","modified_gmt":"2026-04-03T14:39:19","slug":"raum-nr-15-italian-room","status":"publish","type":"product","link":"https:\/\/s-rooms.devconnect.at\/?product=raum-nr-15-italian-room","title":{"rendered":"Raum Nr. 15 &#8211; Italian Room"},"content":{"rendered":"<p>Bei Stornierung bis 24 Stunden vor Termin, entf\u00e4llt die Stornierungsgeb\u00fchr! Innerhalb der 24 Stunden wird der volle Zimmerpreis in Rechnung gestellt. Wir bitten um euer Verst\u00e4ndnis.<\/p>\n<p>Bitte beachten, dass bei Kreditkartenzahlungen nur das Zimmer verrechnet wird. Etwaige Konsumationen aus der Minibar sind direkt vor Ort (in Bar oder ggf. auch mit Karte) zu begleichen.<\/p>\n","protected":false},"excerpt":{"rendered":"2 Personen inkludiert (jede weitere Person einmalig Eur 20,-)\n3h Raumnutzung inkludiert (jede weitere Stunde Eur 20,-)\n\u00dcbernachtung m\u00f6glich (gerne auf telefonische Anfrage)","protected":false},"featured_media":13471,"template":"","meta":{"_acf_changed":false},"product_brand":[],"product_cat":[334,293],"product_tag":[298,307],"class_list":{"0":"post-15332","1":"product","2":"type-product","3":"status-publish","4":"has-post-thumbnail","6":"product_cat-badewanne-befuellen","7":"product_cat-raum","8":"product_tag-raucherbalkon-terrasse","9":"product_tag-schaumwanne","11":"first","12":"instock","13":"virtual","14":"sold-individually","15":"taxable","16":"purchasable","17":"product-type-booking"},"acf":[],"_links":{"self":[{"href":"https:\/\/s-rooms.devconnect.at\/index.php?rest_route=\/wp\/v2\/product\/15332","targetHints":{"allow":["GET"]}}],"collection":[{"href":"https:\/\/s-rooms.devconnect.at\/index.php?rest_route=\/wp\/v2\/product"}],"about":[{"href":"https:\/\/s-rooms.devconnect.at\/index.php?rest_route=\/wp\/v2\/types\/product"}],"wp:featuredmedia":[{"embeddable":true,"href":"https:\/\/s-rooms.devconnect.at\/index.php?rest_route=\/wp\/v2\/media\/13471"}],"wp:attachment":[{"href":"https:\/\/s-rooms.devconnect.at\/index.php?rest_route=%2Fwp%2Fv2%2Fmedia&parent=15332"}],"wp:term":[{"taxonomy":"product_brand","embeddable":true,"href":"https:\/\/s-rooms.devconnect.at\/index.php?rest_route=%2Fwp%2Fv2%2Fproduct_brand&post=15332"},{"taxonomy":"product_cat","embeddable":true,"href":"https:\/\/s-rooms.devconnect.at\/index.php?rest_route=%2Fwp%2Fv2%2Fproduct_cat&post=15332"},{"taxonomy":"product_tag","embeddable":true,"href":"https:\/\/s-rooms.devconnect.at\/index.php?rest_route=%2Fwp%2Fv2%2Fproduct_tag&post=15332"}],"curies":[{"name":"wp","href":"https:\/\/api.w.org\/{rel}","templated":true}]}}