{"id":13755,"date":"2024-07-03T12:15:37","date_gmt":"2024-07-03T12:15:37","guid":{"rendered":"https:\/\/s-rooms.devconnect.at\/?page_id=13755"},"modified":"2025-08-04T09:21:09","modified_gmt":"2025-08-04T07:21:09","slug":"das-soho-als-event-location","status":"publish","type":"page","link":"https:\/\/s-rooms.devconnect.at\/?page_id=13755","title":{"rendered":"Das soho als Shooting Location"},"content":{"rendered":"\t\t<div data-elementor-type=\"wp-page\" data-elementor-id=\"13755\" class=\"elementor elementor-13755\" data-elementor-post-type=\"page\">\n\t\t\t\t<div class=\"elementor-element elementor-element-de67048 e-con-full hero-block hero-v1 bg-img-hero-bottom gradient-overlay-half-black-gradient text-center z-index-2 e-flex e-con e-parent\" data-id=\"de67048\" data-element_type=\"container\" data-settings=\"{&quot;background_background&quot;:&quot;classic&quot;}\">\n\t\t<div class=\"elementor-element elementor-element-ca6f7bd col e-con-full e-flex e-con e-child\" data-id=\"ca6f7bd\" data-element_type=\"container\">\n\t\t\t\t<div class=\"elementor-element elementor-element-c02d11a pt-xl-6 elementor-widget elementor-widget-highlighted-heading\" data-id=\"c02d11a\" data-element_type=\"widget\" data-widget_type=\"highlighted-heading.default\">\n\t\t\t\t<div class=\"elementor-widget-container\">\n\t\t\t\t\t<h1 class=\"mytravel-elementor-highlighted-heading__title font-size-60 font-size-xs-30 text-white font-weight-bold\">Das <span class=\"mytravel-elementor-highlighted-heading__highlighted-text\">soho<\/span> als Shooting-Location<\/h1>\t\t\t\t<\/div>\n\t\t\t\t<\/div>\n\t\t\t\t<div class=\"elementor-element elementor-element-9675453 pb-xl-8 elementor-widget elementor-widget-highlighted-heading\" data-id=\"9675453\" data-element_type=\"widget\" data-widget_type=\"highlighted-heading.default\">\n\t\t\t\t<div class=\"elementor-widget-container\">\n\t\t\t\t\t<h2 class=\"mytravel-elementor-highlighted-heading__title font-size-20 font-weight-normal text-white\">Sinnliche Augenblicke &amp; knisternde Erotik<\/h2>\t\t\t\t<\/div>\n\t\t\t\t<\/div>\n\t\t\t\t<\/div>\n\t\t\t\t<\/div>\n\t\t<div class=\"elementor-element elementor-element-24e80c9 e-con-full border-bottom border-color-8 e-flex e-con e-parent\" data-id=\"24e80c9\" data-element_type=\"container\">\n\t\t<div class=\"elementor-element elementor-element-781eca1 col e-con-full e-flex e-con e-child\" data-id=\"781eca1\" data-element_type=\"container\">\n\t\t<div class=\"elementor-element elementor-element-d58dedf e-con-full e-flex e-con e-child\" data-id=\"d58dedf\" data-element_type=\"container\">\n\t\t<div class=\"elementor-element elementor-element-d8f49f1 e-con-full e-flex e-con e-child\" data-id=\"d8f49f1\" data-element_type=\"container\">\n\t\t\t\t<div class=\"elementor-element elementor-element-74c71db elementor-widget elementor-widget-heading\" data-id=\"74c71db\" data-element_type=\"widget\" data-widget_type=\"heading.default\">\n\t\t\t\t<div class=\"elementor-widget-container\">\n\t\t\t\t\t<h6 class=\"elementor-heading-title elementor-size-default\">Gemeinsam schaffen wir einzigartige Erinnerungen, freiz\u00fcgig und geheimnisvoll zugleich.\n<\/h6>\t\t\t\t<\/div>\n\t\t\t\t<\/div>\n\t\t\t\t<div class=\"elementor-element elementor-element-a1395df elementor-widget__width-initial elementor-absolute elementor-view-default elementor-widget elementor-widget-icon\" data-id=\"a1395df\" data-element_type=\"widget\" data-settings=\"{&quot;_position&quot;:&quot;absolute&quot;}\" data-widget_type=\"icon.default\">\n\t\t\t\t<div class=\"elementor-widget-container\">\n\t\t\t\t\t\t\t<div class=\"elementor-icon-wrapper\">\n\t\t\t<div class=\"elementor-icon\">\n\t\t\t<svg xmlns=\"http:\/\/www.w3.org\/2000\/svg\" id=\"Ebene_2\" data-name=\"Ebene 2\" viewBox=\"0 0 375.6 393.1\"><defs><style>      .cls-1 {        stroke-width: 0px;      }    <\/style><\/defs><circle class=\"cls-1\" cx=\"112.8\" cy=\"283.3\" r=\"106.6\"><\/circle><circle class=\"cls-1\" cx=\"210.9\" cy=\"85.2\" r=\"79\"><\/circle><circle class=\"cls-1\" cx=\"62.1\" cy=\"103.9\" r=\"50.7\"><\/circle><circle class=\"cls-1\" cx=\"290.3\" cy=\"277.5\" r=\"50.7\"><\/circle><circle class=\"cls-1\" cx=\"336.1\" cy=\"134.7\" r=\"21.4\" transform=\"translate(83.9 394.5) rotate(-67.7)\"><\/circle><\/svg>\t\t\t<\/div>\n\t\t<\/div>\n\t\t\t\t\t\t<\/div>\n\t\t\t\t<\/div>\n\t\t\t\t<div class=\"elementor-element elementor-element-585d3d4 elementor-widget__width-auto elementor-widget elementor-widget-heading\" data-id=\"585d3d4\" data-element_type=\"widget\" data-widget_type=\"heading.default\">\n\t\t\t\t<div class=\"elementor-widget-container\">\n\t\t\t\t\t<h2 class=\"elementor-heading-title elementor-size-default\">Fotoshooting im soho<\/h2>\t\t\t\t<\/div>\n\t\t\t\t<\/div>\n\t\t\t\t<\/div>\n\t\t\t\t<\/div>\n\t\t\t\t<div class=\"elementor-element elementor-element-08a308c elementor-widget elementor-widget-text-editor\" data-id=\"08a308c\" data-element_type=\"widget\" data-widget_type=\"text-editor.default\">\n\t\t\t\t<div class=\"elementor-widget-container\">\n\t\t\t\t\t\t\t\t\t<p>Ob f\u00fcr verliebte Paare oder solo, buche dein pers\u00f6nliches professionelles Fotoshooting in der reizvollen Kulisse der mond\u00e4n-opulenten R\u00e4ume des Lifestyleclubs soho in Graz. Auch die extravaganten Zimmer des angeschlossenen soho \u201eRooms and Suites\u201c stehen f\u00fcr die Fotosession zur Verf\u00fcgung.<\/p>\t\t\t\t\t\t\t\t<\/div>\n\t\t\t\t<\/div>\n\t\t\t\t<\/div>\n\t\t<div class=\"elementor-element elementor-element-b14bbfc e-con-full elementor-hidden-mobile elementor-hidden-tablet e-flex e-con e-child\" data-id=\"b14bbfc\" data-element_type=\"container\" data-settings=\"{&quot;background_background&quot;:&quot;classic&quot;,&quot;position&quot;:&quot;absolute&quot;}\">\n\t\t<div class=\"elementor-element elementor-element-d9334e4 e-con-full e-flex e-con e-child\" data-id=\"d9334e4\" data-element_type=\"container\">\n\t\t<div class=\"elementor-element elementor-element-ea65264 e-con-full e-flex e-con e-child\" data-id=\"ea65264\" data-element_type=\"container\">\n\t\t\t\t<div class=\"elementor-element elementor-element-149cf1e elementor-widget elementor-widget-heading\" data-id=\"149cf1e\" data-element_type=\"widget\" data-widget_type=\"heading.default\">\n\t\t\t\t<div class=\"elementor-widget-container\">\n\t\t\t\t\t<h2 class=\"elementor-heading-title elementor-size-default\">Fragen?<\/h2>\t\t\t\t<\/div>\n\t\t\t\t<\/div>\n\t\t\t\t<div class=\"elementor-element elementor-element-7b90ebc elementor-widget elementor-widget-text-editor\" data-id=\"7b90ebc\" data-element_type=\"widget\" data-widget_type=\"text-editor.default\">\n\t\t\t\t<div class=\"elementor-widget-container\">\n\t\t\t\t\t\t\t\t\t<h6>Falls ihr Fragen habt, z\u00f6gert bitte nicht, uns zu schreiben.<\/h6><p>Wir stehen euch gerne zur Verf\u00fcgung!<\/p>\t\t\t\t\t\t\t\t<\/div>\n\t\t\t\t<\/div>\n\t\t\t\t<\/div>\n\t\t\t\t<div class=\"elementor-element elementor-element-bbd89ee elementor-align-left elementor-widget elementor-widget-button\" data-id=\"bbd89ee\" data-element_type=\"widget\" data-widget_type=\"button.default\">\n\t\t\t\t<div class=\"elementor-widget-container\">\n\t\t\t\t\t\t\t\t\t<div class=\"elementor-button-wrapper\">\n\t\t\t\t\t<a class=\"elementor-button elementor-button-link elementor-size-sm\" href=\"https:\/\/s-rooms.devconnect.at\/kontakt\/\">\n\t\t\t\t\t\t<span class=\"elementor-button-content-wrapper\">\n\t\t\t\t\t\t\t\t\t<span class=\"elementor-button-text\">Kontakt<\/span>\n\t\t\t\t\t<\/span>\n\t\t\t\t\t<\/a>\n\t\t\t\t<\/div>\n\t\t\t\t\t\t\t\t<\/div>\n\t\t\t\t<\/div>\n\t\t\t\t<\/div>\n\t\t\t\t<\/div>\n\t\t<div class=\"elementor-element elementor-element-c3b9192 col-12  e-con-full e-flex e-con e-child\" data-id=\"c3b9192\" data-element_type=\"container\" data-settings=\"{&quot;background_background&quot;:&quot;slideshow&quot;,&quot;background_slideshow_gallery&quot;:[{&quot;id&quot;:13219,&quot;url&quot;:&quot;https:\\\/\\\/s-rooms.devconnect.at\\\/wp-content\\\/uploads\\\/2024\\\/07\\\/Orient-5.jpg&quot;},{&quot;id&quot;:13440,&quot;url&quot;:&quot;https:\\\/\\\/s-rooms.devconnect.at\\\/wp-content\\\/uploads\\\/2024\\\/07\\\/White-1.jpg&quot;},{&quot;id&quot;:13360,&quot;url&quot;:&quot;https:\\\/\\\/s-rooms.devconnect.at\\\/wp-content\\\/uploads\\\/2024\\\/07\\\/Black-Suite-2.jpg&quot;},{&quot;id&quot;:13316,&quot;url&quot;:&quot;https:\\\/\\\/s-rooms.devconnect.at\\\/wp-content\\\/uploads\\\/2024\\\/07\\\/ArtDeco-Main.jpg&quot;}],&quot;background_slideshow_ken_burns&quot;:&quot;yes&quot;,&quot;background_slideshow_loop&quot;:&quot;yes&quot;,&quot;background_slideshow_slide_duration&quot;:5000,&quot;background_slideshow_slide_transition&quot;:&quot;fade&quot;,&quot;background_slideshow_transition_duration&quot;:500,&quot;background_slideshow_ken_burns_zoom_direction&quot;:&quot;in&quot;}\">\n\t\t\t\t<\/div>\n\t\t\t\t<\/div>\n\t\t<div class=\"elementor-element elementor-element-01255c9 border-bottom border-color-8 e-con-full e-flex e-con e-parent\" data-id=\"01255c9\" data-element_type=\"container\" data-settings=\"{&quot;background_background&quot;:&quot;classic&quot;}\">\n\t\t<div class=\"elementor-element elementor-element-c6def5b e-con-full e-flex e-con e-child\" data-id=\"c6def5b\" data-element_type=\"container\" data-settings=\"{&quot;background_background&quot;:&quot;classic&quot;}\">\n\t\t\t\t<div class=\"elementor-element elementor-element-0a0046f elementor-widget__width-initial e-transform elementor-widget elementor-widget-image\" data-id=\"0a0046f\" data-element_type=\"widget\" data-settings=\"{&quot;_transform_rotateZ_effect&quot;:{&quot;unit&quot;:&quot;px&quot;,&quot;size&quot;:-4,&quot;sizes&quot;:[]},&quot;_transform_rotateZ_effect_tablet&quot;:{&quot;unit&quot;:&quot;deg&quot;,&quot;size&quot;:&quot;&quot;,&quot;sizes&quot;:[]},&quot;_transform_rotateZ_effect_mobile&quot;:{&quot;unit&quot;:&quot;deg&quot;,&quot;size&quot;:&quot;&quot;,&quot;sizes&quot;:[]}}\" data-widget_type=\"image.default\">\n\t\t\t\t<div class=\"elementor-widget-container\">\n\t\t\t\t\t\t\t\t\t\t\t\t\t\t\t<img fetchpriority=\"high\" decoding=\"async\" width=\"1257\" height=\"2001\" src=\"https:\/\/s-rooms.devconnect.at\/wp-content\/uploads\/2024\/07\/@max-0435.jpg\" class=\"attachment-full size-full wp-image-13528\" alt=\"Models\" srcset=\"https:\/\/s-rooms.devconnect.at\/wp-content\/uploads\/2024\/07\/@max-0435.jpg 1257w, https:\/\/s-rooms.devconnect.at\/wp-content\/uploads\/2024\/07\/@max-0435-960x1528.jpg 960w, https:\/\/s-rooms.devconnect.at\/wp-content\/uploads\/2024\/07\/@max-0435-188x300.jpg 188w, https:\/\/s-rooms.devconnect.at\/wp-content\/uploads\/2024\/07\/@max-0435-643x1024.jpg 643w, https:\/\/s-rooms.devconnect.at\/wp-content\/uploads\/2024\/07\/@max-0435-768x1223.jpg 768w, https:\/\/s-rooms.devconnect.at\/wp-content\/uploads\/2024\/07\/@max-0435-965x1536.jpg 965w\" sizes=\"(max-width: 1257px) 100vw, 1257px\" \/>\t\t\t\t\t\t\t\t\t\t\t\t\t\t\t<\/div>\n\t\t\t\t<\/div>\n\t\t\t\t<div class=\"elementor-element elementor-element-23080be elementor-widget__width-initial e-transform elementor-widget elementor-widget-image\" data-id=\"23080be\" data-element_type=\"widget\" data-settings=\"{&quot;_transform_rotateZ_effect&quot;:{&quot;unit&quot;:&quot;px&quot;,&quot;size&quot;:4,&quot;sizes&quot;:[]},&quot;_transform_rotateZ_effect_tablet&quot;:{&quot;unit&quot;:&quot;deg&quot;,&quot;size&quot;:&quot;&quot;,&quot;sizes&quot;:[]},&quot;_transform_rotateZ_effect_mobile&quot;:{&quot;unit&quot;:&quot;deg&quot;,&quot;size&quot;:&quot;&quot;,&quot;sizes&quot;:[]}}\" data-widget_type=\"image.default\">\n\t\t\t\t<div class=\"elementor-widget-container\">\n\t\t\t\t\t\t\t\t\t\t\t\t\t\t\t<img decoding=\"async\" width=\"1351\" height=\"1999\" src=\"https:\/\/s-rooms.devconnect.at\/wp-content\/uploads\/2024\/07\/@max-0305.jpg\" class=\"attachment-full size-full wp-image-13524\" alt=\"Models\" srcset=\"https:\/\/s-rooms.devconnect.at\/wp-content\/uploads\/2024\/07\/@max-0305.jpg 1351w, https:\/\/s-rooms.devconnect.at\/wp-content\/uploads\/2024\/07\/@max-0305-960x1420.jpg 960w, https:\/\/s-rooms.devconnect.at\/wp-content\/uploads\/2024\/07\/@max-0305-203x300.jpg 203w, https:\/\/s-rooms.devconnect.at\/wp-content\/uploads\/2024\/07\/@max-0305-692x1024.jpg 692w, https:\/\/s-rooms.devconnect.at\/wp-content\/uploads\/2024\/07\/@max-0305-768x1136.jpg 768w, https:\/\/s-rooms.devconnect.at\/wp-content\/uploads\/2024\/07\/@max-0305-1038x1536.jpg 1038w\" sizes=\"(max-width: 1351px) 100vw, 1351px\" \/>\t\t\t\t\t\t\t\t\t\t\t\t\t\t\t<\/div>\n\t\t\t\t<\/div>\n\t\t\t\t<\/div>\n\t\t<div class=\"elementor-element elementor-element-4b2c121 col e-con-full e-flex e-con e-child\" data-id=\"4b2c121\" data-element_type=\"container\">\n\t\t<div class=\"elementor-element elementor-element-9202d80 e-con-full e-flex e-con e-child\" data-id=\"9202d80\" data-element_type=\"container\">\n\t\t\t\t<div class=\"elementor-element elementor-element-48d6f7c elementor-widget elementor-widget-text-editor\" data-id=\"48d6f7c\" data-element_type=\"widget\" data-widget_type=\"text-editor.default\">\n\t\t\t\t<div class=\"elementor-widget-container\">\n\t\t\t\t\t\t\t\t\t<p>W\u00e4hrend des Shootings legen wir gro\u00dfen Wert auf eine entspannte und sichere Atmosph\u00e4re, in der sich alle Beteiligten wohlf\u00fchlen.<\/p><p>Alle weiteren Details findest du in <a href=\"https:\/\/soho-graz.at\/wp-content\/uploads\/2025\/07\/Fotos-small-.pdf\" target=\"_blank\" rel=\"noopener\"><span style=\"text-decoration: underline;\">unserem Folder (pdf, 2MB)<\/span><\/a><\/p>\t\t\t\t\t\t\t\t<\/div>\n\t\t\t\t<\/div>\n\t\t\t\t<div class=\"elementor-element elementor-element-f88ea84 elementor-widget elementor-widget-image\" data-id=\"f88ea84\" data-element_type=\"widget\" data-widget_type=\"image.default\">\n\t\t\t\t<div class=\"elementor-widget-container\">\n\t\t\t\t\t\t\t\t\t\t\t\t\t\t\t\t<a href=\"https:\/\/soho-graz.at\/wp-content\/uploads\/2025\/07\/Fotos-small-.pdf\" target=\"_blank\" rel=\"noopener\">\n\t\t\t\t\t\t\t<img decoding=\"async\" width=\"300\" height=\"262\" src=\"https:\/\/s-rooms.devconnect.at\/wp-content\/uploads\/2025\/08\/@max-0320-300x262.jpg\" class=\"img-fluid attachment-medium size-medium wp-image-75057\" alt=\"\" srcset=\"https:\/\/s-rooms.devconnect.at\/wp-content\/uploads\/2025\/08\/@max-0320-300x262.jpg 300w, https:\/\/s-rooms.devconnect.at\/wp-content\/uploads\/2025\/08\/@max-0320-1024x895.jpg 1024w, https:\/\/s-rooms.devconnect.at\/wp-content\/uploads\/2025\/08\/@max-0320-768x671.jpg 768w, https:\/\/s-rooms.devconnect.at\/wp-content\/uploads\/2025\/08\/@max-0320-1536x1342.jpg 1536w, https:\/\/s-rooms.devconnect.at\/wp-content\/uploads\/2025\/08\/@max-0320-960x839.jpg 960w, https:\/\/s-rooms.devconnect.at\/wp-content\/uploads\/2025\/08\/@max-0320.jpg 2000w\" sizes=\"(max-width: 300px) 100vw, 300px\" \/>\t\t\t\t\t\t\t\t<\/a>\n\t\t\t\t\t\t\t\t\t\t\t\t\t\t\t<\/div>\n\t\t\t\t<\/div>\n\t\t\t\t<\/div>\n\t\t\t\t<\/div>\n\t\t\t\t<\/div>\n\t\t\t\t<\/div>\n\t\t","protected":false},"excerpt":{"rendered":"Das soho als Shooting-Location Sinnliche Augenblicke &amp; knisternde Erotik Gemeinsam schaffen wir einzigartige Erinnerungen, freiz\u00fcgig und geheimnisvoll zugleich. Fotoshooting im soho Ob f\u00fcr verliebte Paare oder solo, buche dein pers\u00f6nliches professionelles Fotoshooting in der reizvollen Kulisse der mond\u00e4n-opulenten R\u00e4ume des Lifestyleclubs soho in Graz. Auch die extravaganten Zimmer des angeschlossenen soho \u201eRooms and Suites\u201c stehen&#8230;","protected":false},"author":1,"featured_media":0,"parent":0,"menu_order":0,"comment_status":"closed","ping_status":"closed","template":"elementor_header_footer","meta":{"_acf_changed":false,"footnotes":""},"class_list":["post-13755","page","type-page","status-publish","hentry"],"acf":[],"_links":{"self":[{"href":"https:\/\/s-rooms.devconnect.at\/index.php?rest_route=\/wp\/v2\/pages\/13755","targetHints":{"allow":["GET"]}}],"collection":[{"href":"https:\/\/s-rooms.devconnect.at\/index.php?rest_route=\/wp\/v2\/pages"}],"about":[{"href":"https:\/\/s-rooms.devconnect.at\/index.php?rest_route=\/wp\/v2\/types\/page"}],"author":[{"embeddable":true,"href":"https:\/\/s-rooms.devconnect.at\/index.php?rest_route=\/wp\/v2\/users\/1"}],"replies":[{"embeddable":true,"href":"https:\/\/s-rooms.devconnect.at\/index.php?rest_route=%2Fwp%2Fv2%2Fcomments&post=13755"}],"version-history":[{"count":425,"href":"https:\/\/s-rooms.devconnect.at\/index.php?rest_route=\/wp\/v2\/pages\/13755\/revisions"}],"predecessor-version":[{"id":75061,"href":"https:\/\/s-rooms.devconnect.at\/index.php?rest_route=\/wp\/v2\/pages\/13755\/revisions\/75061"}],"wp:attachment":[{"href":"https:\/\/s-rooms.devconnect.at\/index.php?rest_route=%2Fwp%2Fv2%2Fmedia&parent=13755"}],"curies":[{"name":"wp","href":"https:\/\/api.w.org\/{rel}","templated":true}]}}